{"id":380,"date":"2022-03-08T14:38:43","date_gmt":"2022-03-08T13:38:43","guid":{"rendered":"https:\/\/www.graf-petschnig.at\/?page_id=380"},"modified":"2023-03-01T15:33:09","modified_gmt":"2023-03-01T14:33:09","slug":"ausbildung-persoenliches","status":"publish","type":"page","link":"https:\/\/www.graf-petschnig.at\/en\/ausbildung-persoenliches\/","title":{"rendered":"Education\/Personal"},"content":{"rendered":"\n<div class=\"wp-block-themeisle-blocks-advanced-columns has-undefined-columns has-desktop-undefined-layout has-tablet-equal-layout has-mobile-equal-layout has-default-gap has-vertical-unset\" id=\"wp-block-themeisle-blocks-advanced-columns-5d279389\"><div class=\"wp-block-themeisle-blocks-advanced-columns-overlay\"><\/div><div class=\"innerblocks-wrap\"><\/div><\/div>\n\n\n\n<p>Born on July 2nd 1986 in Klagenfurt\/Carinthia<\/p>\n\n\n\n<p>Studies and Graduation Medical University Graz<\/p>\n\n\n\n<p>Internship in Klagenfurt und St. Veit<\/p>\n\n\n\n<p>\u00d6\u00c4K-Diploma for Emergency Medicine (ANS-ARGE Notfallmedizin \u2013 Salzburg)<\/p>\n\n\n\n<p>\u00d6\u00c4K-Diploma for Psychosocial Medicine (WGPM \u2013 Graz)<\/p>\n\n\n\n<p>\u00d6\u00c4K-Diploma for Psychosomatic Medicine (WGPM &#8211; Graz)<\/p>\n\n\n\n<p>\u00d6\u00c4K-Diploma for Psychosomatic Medicine (WGPM &#8211; Graz) in training<\/p>\n\n\n\n<p>Yoga Teacher Training Course (Sivananda Yoga Vedanta Seminarhaus \u2013 Reith bei Kitzb\u00fchel)<\/p>\n\n\n\n<p>Mentoring Training Course (Mentorenschule \u2013 Klagenfurt)<\/p>\n\n\n\n<p>Heilende Medizin (Dr. med. Klaus-Dieter Platsch \u2013 Oy im Allg\u00e4u)<\/p>\n\n\n\n<p>Lecturer at MedUni Graz (Institute for General Medicine)<\/p>\n\n\n\n<p>General Practitioner with a focus on <strong>Holistic Medicine<\/strong><\/p>\n","protected":false},"excerpt":{"rendered":"<p>Born on July 2nd 1986 in Klagenfurt\/Carinthia Studies and Graduation Medical University Graz Internship in Klagenfurt und St. Veit \u00d6\u00c4K-Diploma for Emergency Medicine (ANS-ARGE Notfallmedizin \u2013 Salzburg) \u00d6\u00c4K-Diploma for Psychosocial Medicine (WGPM \u2013 Graz) \u00d6\u00c4K-Diploma for Psychosomatic Medicine (WGPM &#8211; Graz) \u00d6\u00c4K-Diploma for Psychosomatic Medicine (WGPM &#8211; Graz) in training Yoga Teacher Training Course (Sivananda&hellip;<a href=\"https:\/\/www.graf-petschnig.at\/en\/ausbildung-persoenliches\/\" class=\"more-link\">Continue reading <span class=\"screen-reader-text\">Education\/Personal<\/span><\/a><\/p>\n","protected":false},"author":1,"featured_media":0,"parent":0,"menu_order":0,"comment_status":"closed","ping_status":"closed","template":"","meta":{"footnotes":""},"class_list":["post-380","page","type-page","status-publish","hentry"],"_links":{"self":[{"href":"https:\/\/www.graf-petschnig.at\/en\/wp-json\/wp\/v2\/pages\/380","targetHints":{"allow":["GET"]}}],"collection":[{"href":"https:\/\/www.graf-petschnig.at\/en\/wp-json\/wp\/v2\/pages"}],"about":[{"href":"https:\/\/www.graf-petschnig.at\/en\/wp-json\/wp\/v2\/types\/page"}],"author":[{"embeddable":true,"href":"https:\/\/www.graf-petschnig.at\/en\/wp-json\/wp\/v2\/users\/1"}],"replies":[{"embeddable":true,"href":"https:\/\/www.graf-petschnig.at\/en\/wp-json\/wp\/v2\/comments?post=380"}],"version-history":[{"count":5,"href":"https:\/\/www.graf-petschnig.at\/en\/wp-json\/wp\/v2\/pages\/380\/revisions"}],"predecessor-version":[{"id":562,"href":"https:\/\/www.graf-petschnig.at\/en\/wp-json\/wp\/v2\/pages\/380\/revisions\/562"}],"wp:attachment":[{"href":"https:\/\/www.graf-petschnig.at\/en\/wp-json\/wp\/v2\/media?parent=380"}],"curies":[{"name":"wp","href":"https:\/\/api.w.org\/{rel}","templated":true}]}}